{"id":104,"date":"2017-06-12T15:37:42","date_gmt":"2017-06-12T13:37:42","guid":{"rendered":"http:\/\/www.birdautomation.at\/?page_id=104"},"modified":"2021-06-02T16:59:59","modified_gmt":"2021-06-02T14:59:59","slug":"projekte","status":"publish","type":"page","link":"https:\/\/www.birdautomation.at\/?page_id=104&lang=de","title":{"rendered":"Projekte"},"content":{"rendered":"<p>Seit 1985 bin ich Softwareentwickler und au\u00dferdem als Dozent und Sprecher t\u00e4tig. Hier finden Sie eine \u00dcbersicht meiner aktuellsten Projekte. Es waren mehr, aber die Liste w\u00fcrde zu lange werden ;-). Seit 2016 besch\u00e4ftige ich mich leidenschaftlich mit Power BI.<\/p>\n<p>F\u00fcr diese Projekte bin ich immer freiberuflich t\u00e4tig.\u00a0 Alle Projekte betreue ich selbst\u00e4ndig von BIRD Automation aus oder in Zusammenarbeit mit Vermittlern.<\/p>\n<p>Sprachen: Niederl\u00e4ndisch, Deutsch und Englisch (Auslandssemester Universit\u00e4t London).<\/p>\n<p>Techniken: Microsoft SQL Server, Power BI, Power Automate, Power Apps, MS Access, JSON, WEB api, XML, Office VBA, SQL Management Studio, Visual Studio und SharePoint.<\/p>\n<table class=\" alignleft\" style=\"border-color: #030000; width: 100%; height: 1270px;\">\n<tbody>\n<tr style=\"height: 130px;\">\n<td style=\"width: 24.3377%; height: 39px;\">April 2021 &#8211; heute<\/td>\n<td style=\"height: 39px; width: 75.5139%;\">\n<p>Entwicklung von Power BI Dashboards f\u00fcr eine Containerverleih- und <br \/>-verkaufsfirma.<br \/>Rolle: Entwickler<\/p>\n<\/td>\n<\/tr>\n<tr style=\"height: 84px;\">\n<td style=\"width: 24.3377%; height: 10px;\">M\u00e4rz 2021<\/td>\n<td style=\"height: 10px; width: 75.5139%;\">\n<p>Als Gastdozent &#8220;Module Databases&#8221; an einer Fachhochschule t\u00e4tig beim Lehrgang &#8220;Data Analysis&#8221;.<\/p>\n<\/td>\n<\/tr>\n<tr style=\"height: 154px;\">\n<td style=\"width: 24.3377%; height: 46px;\">M\u00e4rz 2021 &#8211; heute<\/td>\n<td style=\"height: 46px; width: 75.5139%;\">\n<p>Kurs Power BI Desktop f\u00fcr eine f\u00fchrende Managementberatungsfirma (DACH-Region)<br \/>Themen: Visuals, DAX, Webpublishing, Data modelling, Connecting to SQL server Analysis server.<br \/>Im Anschluss an den Kurs regelm\u00e4\u00dfige T\u00e4tigkeit als 2nd level Supporter.<\/p>\n<\/td>\n<\/tr>\n<tr style=\"height: 23px;\">\n<td style=\"width: 24.3377%; height: 23px;\">April 2020 &#8211; heute<\/td>\n<td style=\"width: 75.5139%; height: 23px;\">Entwicklung von Power BI Dashboards f\u00fcr einen gro\u00dfen Hersteller von Medizinprodukten.<br \/>Rolle: Entwickler<\/td>\n<\/tr>\n<tr style=\"height: 131px;\">\n<td style=\"width: 24.3377%; height: 10px;\">M\u00e4rz 2020 &#8211; heute<\/td>\n<td style=\"height: 10px; width: 75.5139%;\">\n<p>Entwicklung von Power BI Dashboards f\u00fcr eine Zoom- Dienstleistungsfirma.<br \/>Rolle: Entwickler<\/p>\n<\/td>\n<\/tr>\n<tr style=\"height: 131px;\">\n<td style=\"width: 24.3377%; height: 34px;\">M\u00e4rz 2020 &#8211; April 2020<\/td>\n<td style=\"height: 34px; width: 75.5139%;\">\n<p>Entwicklung von Power BI Dashboards mit Coviddaten f\u00fcr einen Landkreis.<br \/>Rolle: Entwickler<\/p>\n<\/td>\n<\/tr>\n<tr style=\"height: 131px;\">\n<td style=\"width: 24.3377%; height: 10px;\">Dezember 2018 &#8211; Dezember 2019\u00a0<\/td>\n<td style=\"height: 10px; width: 75.5139%;\">\n<p>Entwicklung von Power BI Dashboards f\u00fcr eine internationale Produktionsfirma.<br \/>Rolle: Entwickler<\/p>\n<\/td>\n<\/tr>\n<tr style=\"height: 93px;\">\n<td style=\"width: 24.3377%; height: 65px;\">Februar &#8211; April 2019<\/td>\n<td style=\"height: 65px; width: 75.5139%;\">Mitarbeit am &#8220;Proof of Concept&#8221; f\u00fcr Power BI Dashboards f\u00fcr einen Multinational in Stuttgart.<br \/>Rolle: Entwickler<\/td>\n<\/tr>\n<tr style=\"height: 113px;\">\n<td style=\"width: 24.3377%; height: 113px;\" valign=\"top\">Dezember 2017 &#8211; November 2018<\/td>\n<td style=\"height: 113px; width: 75.5139%;\" valign=\"top\">4 Kurse Power BI Desktop (4 Tage), Inhouse bei einem Multinational. 12 Kursteilnehmer. Sprache: Englisch, weil Teilnehmer aus verschiedenen L\u00e4ndern kamen.<br \/>Themen: Visuals, DAX, Webpublishing, Data modelling, Connecting to SQL server Analysis server; Power BI Desktop<\/td>\n<\/tr>\n<tr style=\"height: 93px;\">\n<td style=\"width: 24.3377%; height: 54px;\" valign=\"top\">Januar 2018<\/td>\n<td style=\"height: 54px; width: 75.5139%;\" valign=\"top\">Entwicklung eines Business Intelligence Dashboards f\u00fcr eine Schulverwaltung.<br \/>Rolle: Entwickler.<\/td>\n<\/tr>\n<tr style=\"height: 53px;\">\n<td style=\"height: 53px; width: 24.3377%;\" valign=\"top\">September 2017 &#8211; M\u00e4rz 2018<\/td>\n<td style=\"height: 53px; width: 75.5139%;\" valign=\"top\">Analyse\u00a0 Dokument Management System auf Exchange basis.<br \/>Rolle: VB.NET Entwickler<\/td>\n<\/tr>\n<tr style=\"height: 53px;\">\n<td style=\"width: 24.3377%; height: 53px;\" valign=\"top\">M\u00e4rz 2017<\/td>\n<td style=\"height: 53px; width: 75.5139%;\" valign=\"top\">1t\u00e4giger Kurs Power BI Desktop, Gelsenkirchen. 10 Kursteilnehmer. Sprache: Deutsch<\/td>\n<\/tr>\n<tr style=\"height: 73px;\">\n<td style=\"height: 73px; width: 24.3377%;\" valign=\"top\">Januar 2016 bis heute<\/td>\n<td style=\"height: 73px; width: 75.5139%;\" valign=\"top\">Besuch und Referentent\u00e4tigkeit bei Power BI Usergroups Events, unter anderem meetup in K\u00f6ln\u00a0 und Power BI Samstag (Power BI-Usergroup Niederlande etc.\u00a0<\/td>\n<\/tr>\n<tr style=\"height: 93px;\">\n<td style=\"height: 93px; width: 24.3377%;\" valign=\"top\">2010 bis heute<\/td>\n<td style=\"height: 93px; width: 75.5139%;\" valign=\"top\">J\u00e4hrlich im Oktober als Sprecher\/Referent\u00a0 auf Access Entwickler Konferenz in N\u00fcrnberg. 2016 Referent f\u00fcr Powertools, unter anderem Power BI desktop (<a href=\"http:\/\/www.donkarl.com\/AEK\/Archiv\/AEK19.htm\">AEK19<\/a>). Jedes Mal zirka 100 Zuh\u00f6rer\/ Teilnehmer.<\/td>\n<\/tr>\n<tr style=\"height: 93px;\">\n<td style=\"height: 68px; width: 24.3377%;\" valign=\"top\">2010 bis heute<\/td>\n<td style=\"height: 68px; width: 75.5139%;\" valign=\"top\">Programmierung einer Anwendung f\u00fcr die Administration des Zuchtprozesses neuer Kartoffelarten beim Weltmarktf\u00fchrer f\u00fcr Kartoffelst\u00e4rke.<br \/>Rolle: Architekt und Entwickler.<\/td>\n<\/tr>\n<tr style=\"height: 153px;\">\n<td style=\"height: 114px; width: 24.3377%;\" valign=\"top\">2010 bis heute<\/td>\n<td style=\"height: 114px; width: 75.5139%;\" valign=\"top\">Programmierung der mobilen Webseite zur Unterst\u00fctzung einer Eventorganisation. Besucher eines Events k\u00f6nnen mit dieser Webseite ihren &#8216;onsite&#8217; Terminkalender f\u00fchren, interessante Gespr\u00e4chspartner finden, Downloads herunterladen und die Evaluierung ausf\u00fcllen.<br \/>Rolle: Architekt und Entwickler.<\/td>\n<\/tr>\n<tr style=\"height: 93px;\">\n<td style=\"height: 43px; width: 24.3377%;\" valign=\"top\">2008 bis heute<\/td>\n<td style=\"height: 43px; width: 75.5139%;\" valign=\"top\">Programmierung einer Projektadministration f\u00fcr eine Marketing-\/ Kommunikationsagentur.<br \/>Rolle: Architekt und Entwickler.<\/td>\n<\/tr>\n<tr style=\"height: 113px;\">\n<td style=\"height: 75px; width: 24.3377%;\" valign=\"top\">2005 bis heute<\/td>\n<td style=\"height: 75px; width: 75.5139%;\" valign=\"top\">Programmierung\u00a0 eines Add-ins f\u00fcr Excel, das Mitarbeiter in Heilberufen beim Durchf\u00fchren von standardisierten Fitness-Tests unterst\u00fctzt.<br \/>Rolle: Architekt und Entwickler.<\/td>\n<\/tr>\n<tr style=\"height: 113px;\">\n<td style=\"height: 59px; width: 24.3377%;\" valign=\"top\">2000-2012<\/td>\n<td style=\"height: 59px; width: 75.5139%;\" valign=\"top\">Programmierung\u00a0 einer administrativen Anwendung f\u00fcr die Verwaltung von Studentenzimmern f\u00fcr ausl\u00e4ndische Studenten.<br \/>Rolle: Architekt und Entwickler.<\/td>\n<\/tr>\n<tr style=\"height: 133px;\">\n<td style=\"height: 74px; width: 24.3377%;\" valign=\"top\">2012-2016<\/td>\n<td style=\"height: 74px; width: 75.5139%;\" valign=\"top\">Programmierung\u00a0 einer Webseite zur Unterst\u00fctzung der Projektorganisation beim Planen und \u00dcberwachen von Auslandseins\u00e4tzen. Verwaltet wurden Personen, Projekte und EU-Subventionen.<br \/>Rolle: Architekt und Entwickler.<\/td>\n<\/tr>\n<tr style=\"height: 93px;\">\n<td style=\"height: 68px; width: 24.3377%;\" valign=\"top\">2014<\/td>\n<td style=\"height: 68px; width: 75.5139%;\" valign=\"top\">Programmierung eines Back-ends einer Ipad-app f\u00fcr ein Event einer der gr\u00f6\u00dften niederl\u00e4ndischen Banken.<br \/>Rolle: Architekt und Entwickler.<\/td>\n<\/tr>\n<tr style=\"height: 93px;\">\n<td style=\"height: 93px; width: 24.3377%;\" valign=\"top\">2012<\/td>\n<td style=\"height: 93px; width: 75.5139%;\" valign=\"top\">Programmierung eines Online tools womit, nach Eingabe der relevanten Daten, die Effizienz von Kindertagesst\u00e4tten errechnet wird.<br \/>Rolle: Architekt und Entwickler.<\/td>\n<\/tr>\n<\/tbody>\n<\/table>\n\n","protected":false},"excerpt":{"rendered":"<p>Seit 1985 bin ich Softwareentwickler und au\u00dferdem als Dozent und Sprecher t\u00e4tig. Hier finden Sie eine \u00dcbersicht meiner aktuellsten Projekte. Es waren mehr, aber die Liste w\u00fcrde zu lange werden ;-). Seit 2016 besch\u00e4ftige ich mich leidenschaftlich mit Power BI. F\u00fcr diese Projekte bin ich immer freiberuflich t\u00e4tig.\u00a0 Alle Projekte betreue ich selbst\u00e4ndig von BIRD &hellip; <\/p>\n<p class=\"link-more\"><a href=\"https:\/\/www.birdautomation.at\/?page_id=104&#038;lang=de\" class=\"more-link\">Verder lezen<span class=\"screen-reader-text\"> &#8220;Projekte&#8221;<\/span><\/a><\/p>\n","protected":false},"author":3639,"featured_media":0,"parent":0,"menu_order":0,"comment_status":"closed","ping_status":"closed","template":"","meta":{"footnotes":""},"class_list":["post-104","page","type-page","status-publish","hentry"],"_links":{"self":[{"href":"https:\/\/www.birdautomation.at\/index.php?rest_route=\/wp\/v2\/pages\/104","targetHints":{"allow":["GET"]}}],"collection":[{"href":"https:\/\/www.birdautomation.at\/index.php?rest_route=\/wp\/v2\/pages"}],"about":[{"href":"https:\/\/www.birdautomation.at\/index.php?rest_route=\/wp\/v2\/types\/page"}],"author":[{"embeddable":true,"href":"https:\/\/www.birdautomation.at\/index.php?rest_route=\/wp\/v2\/users\/3639"}],"replies":[{"embeddable":true,"href":"https:\/\/www.birdautomation.at\/index.php?rest_route=%2Fwp%2Fv2%2Fcomments&post=104"}],"version-history":[{"count":62,"href":"https:\/\/www.birdautomation.at\/index.php?rest_route=\/wp\/v2\/pages\/104\/revisions"}],"predecessor-version":[{"id":227,"href":"https:\/\/www.birdautomation.at\/index.php?rest_route=\/wp\/v2\/pages\/104\/revisions\/227"}],"wp:attachment":[{"href":"https:\/\/www.birdautomation.at\/index.php?rest_route=%2Fwp%2Fv2%2Fmedia&parent=104"}],"curies":[{"name":"wp","href":"https:\/\/api.w.org\/{rel}","templated":true}]}}